{"id":57552,"date":"2023-09-15T00:00:41","date_gmt":"2023-09-14T21:00:41","guid":{"rendered":"https:\/\/rozanatours.com.tr\/trabzon-day-trips\/"},"modified":"2023-09-15T10:37:58","modified_gmt":"2023-09-15T07:37:58","slug":"trabzon-day-trips","status":"publish","type":"page","link":"https:\/\/rozanatours.com.tr\/tr\/trabzon-day-trips\/","title":{"rendered":"Day trips in Trabzon"},"content":{"rendered":"<div class=\"wpb-content-wrapper\"><p>[vc_row][vc_column][vc_column_text]<\/p>\n<h4 style=\"text-align: center;\"><span style=\"color: #ff6600;\">Day trips in Trabzon<\/span><\/h4>\n<p style=\"text-align: center;\">Trabzon is located in northeastern Turkey on the Black Sea coast. On the historic Silk Road. There are many tourist places in Trabzon. Where you find many options in front of you, through which you can spend the most beautiful times in life. It is like a magnet that, due to its beauty, attracts tourists from all over the world. Among the most important tourist places are Uzungol Lake, the Khaderanbei Plateau and Lake, and the Chale Cave, Altinder National Park<strong>.<\/strong><\/p>\n<p style=\"text-align: center;\"><span style=\"direction: rtl;\">In addition to the many options that <a href=\"https:\/\/g.page\/RozanaTours?share\" target=\"_blank\" rel=\"noopener\">Rozana Tours<\/a>offers you from daily trips in Trabzon.<\/span><\/p>\n<p>[\/vc_column_text][vc_empty_space]<div class=\"mkdf-tours-list-holder mkdf-tours-row mkdf-tr-normal-space mkdf-has-label mkdf-tours-columns-3\">\n\t\t\t\n\t\t\n        <div class=\"mkdf-tours-list-holder-inner mkdf-tours-row-inner-holder\">\n\t\t\t<div class=\"mkdf-tours-list-grid-sizer\"><\/div>\n\t\t\t<div class=\"mkdf-tours-standard-item mkdf-tours-row-item post-10131 tour-item type-tour-item status-publish has-post-thumbnail hentry tour-category-gunubirlik-turlar\">\n\t\t\t<div class=\"mkdf-tours-standard-item-image-holder\">\n\t\t\t<a href=\"https:\/\/rozanatours.com.tr\/tr\/tour-item\/hidirnebi-kayabasi-turu\/\">\n\t\t\t\t<img loading=\"lazy\" decoding=\"async\" width=\"800\" height=\"1167\" src=\"https:\/\/rozanatours.com.tr\/wp-content\/uploads\/2021\/04\/Cal-cave-\u062e\u0636\u0631\u0646\u0628\u064a-\u062d\u064a\u062f\u0631-\u0646\u0628\u064a-Hidirnebi-plateau.jpg\" class=\"attachment-full size-full wp-post-image\" alt=\"H\u0131d\u0131rnebi Kayaba\u015f\u0131 Turu . .\" srcset=\"https:\/\/rozanatours.com.tr\/wp-content\/uploads\/2021\/04\/Cal-cave-\u062e\u0636\u0631\u0646\u0628\u064a-\u062d\u064a\u062f\u0631-\u0646\u0628\u064a-Hidirnebi-plateau.jpg 800w, https:\/\/rozanatours.com.tr\/wp-content\/uploads\/2021\/04\/Cal-cave-\u062e\u0636\u0631\u0646\u0628\u064a-\u062d\u064a\u062f\u0631-\u0646\u0628\u064a-Hidirnebi-plateau-206x300.jpg 206w, https:\/\/rozanatours.com.tr\/wp-content\/uploads\/2021\/04\/Cal-cave-\u062e\u0636\u0631\u0646\u0628\u064a-\u062d\u064a\u062f\u0631-\u0646\u0628\u064a-Hidirnebi-plateau-702x1024.jpg 702w, https:\/\/rozanatours.com.tr\/wp-content\/uploads\/2021\/04\/Cal-cave-\u062e\u0636\u0631\u0646\u0628\u064a-\u062d\u064a\u062f\u0631-\u0646\u0628\u064a-Hidirnebi-plateau-768x1120.jpg 768w, https:\/\/rozanatours.com.tr\/wp-content\/uploads\/2021\/04\/Cal-cave-\u062e\u0636\u0631\u0646\u0628\u064a-\u062d\u064a\u062f\u0631-\u0646\u0628\u064a-Hidirnebi-plateau-600x875.jpg 600w\" sizes=\"auto, (max-width: 800px) 100vw, 800px\" data-attachment-id=\"9722\" data-permalink=\"https:\/\/rozanatours.com.tr\/tr\/tour-item\/hidirnebi-kayabasi-turu\/cal-cave-%d8%ae%d8%b6%d8%b1%d9%86%d8%a8%d9%8a-%d8%ad%d9%8a%d8%af%d8%b1-%d9%86%d8%a8%d9%8a-hidirnebi-plateau-2\/\" data-orig-file=\"https:\/\/rozanatours.com.tr\/wp-content\/uploads\/2021\/04\/Cal-cave-\u062e\u0636\u0631\u0646\u0628\u064a-\u062d\u064a\u062f\u0631-\u0646\u0628\u064a-Hidirnebi-plateau.jpg\" data-orig-size=\"800,1167\" data-comments-opened=\"1\" data-image-meta=\"{&quot;aperture&quot;:&quot;0&quot;,&quot;credit&quot;:&quot;&quot;,&quot;camera&quot;:&quot;&quot;,&quot;caption&quot;:&quot;&quot;,&quot;created_timestamp&quot;:&quot;0&quot;,&quot;copyright&quot;:&quot;&quot;,&quot;focal_length&quot;:&quot;0&quot;,&quot;iso&quot;:&quot;0&quot;,&quot;shutter_speed&quot;:&quot;0&quot;,&quot;title&quot;:&quot;&quot;,&quot;orientation&quot;:&quot;0&quot;}\" data-image-title=\"H\u0131d\u0131rnebi ve kayaba\u015f\u0131 turu, \u00c7al ma\u011faras\u0131 turu\" data-image-description=\"\" data-image-caption=\"\" data-medium-file=\"https:\/\/rozanatours.com.tr\/wp-content\/uploads\/2021\/04\/Cal-cave-\u062e\u0636\u0631\u0646\u0628\u064a-\u062d\u064a\u062f\u0631-\u0646\u0628\u064a-Hidirnebi-plateau-206x300.jpg\" data-large-file=\"https:\/\/rozanatours.com.tr\/wp-content\/uploads\/2021\/04\/Cal-cave-\u062e\u0636\u0631\u0646\u0628\u064a-\u062d\u064a\u062f\u0631-\u0646\u0628\u064a-Hidirnebi-plateau-702x1024.jpg\" \/>\t\t\t<\/a>\n\t\t\t\t\t\t\t<span class=\"mkdf-tours-standard-item-label-holder\">\n\t\t\t\t\t\n\t\t<span class=\"mkdf-tour-item-label\">\n\t\t\t<span class=\"mkdf-tour-item-label-inner\">\n\t\t\t\t\u00d6zel Tur\t\t\t<\/span>\n\t\t<\/span>\n\n\t\t\t\t\t\t<\/span>\n\t\t\t\t\t<\/div>\n\t\n\t<div class=\"mkdf-tours-standard-item-content-holder\">\n\t\t<div class=\"mkdf-tours-standard-item-content-inner\" >\n\t\t\t<div class=\"mkdf-tours-standard-item-title-price-holder\">\n\t\t\t\t<h4 class=\"mkdf-tour-title\">\n\t\t\t\t\t<a href=\"https:\/\/rozanatours.com.tr\/tr\/tour-item\/hidirnebi-kayabasi-turu\/\">H\u0131d\u0131rnebi Kayaba\u015f\u0131 Turu Trabzon<\/a>\n\t\t\t\t<\/h4>\n\t\t\t\t<span class=\"mkdf-tours-standard-item-price-holder\">\n\t\t\t\t\t\n\t\t<span class=\"mkdf-tours-price-holder\">\n\t\t\t\t\t\t\t<span class=\"mkdf-tours-item-price \">$135<\/span>\n\t\t\t\t\t\t\t\t<\/span>\n\n\t\t\t\t\t\t<\/span>\n\t\t\t<\/div>\n\t\n\t\t\t\t\n\t\t\t\t\t\t\t<div class=\"mkdf-tours-standard-item-excerpt\">\n\t\t\t\t\tTrabzon\u2019dan ba\u015flayan g\u00fcn\u00fcbirlik \u00f6zel tur ile d\u00fcnyan\u0131n en uzun ikinci ma\u011faras\u0131 \u00c7al&hellip;\t\t\t\t<\/div>\n\t\t\t\t\t<\/div>\n\t\t<div class=\"mkdf-tours-standard-item-bottom-content\">\n\t\t\t\t\t\t\t<div class=\"mkdf-tours-standard-item-bottom-item\">\n\t\t\t\t\t\n\t\t\n\t\t\t<div class=\"mkdf-tour-duration-holder\">\n\t\t\t    <span class=\"mkdf-tour-duration-icon mkdf-tour-info-icon\">\n\t\t\t\t\t<span class=\"dripicons-clock\"><\/span>\n\t\t\t    <\/span>\n\t\t\t\t<span class=\"mkdf-tour-info-label\">\n\t\t\t\t\t8 Saat\t\t\t\t<\/span>\n\t\t\t<\/div>\n\n\t\t\n\t\t\t\t\t\t<\/div>\n\t\t\t\n\t\t\t\t\t<\/div>\n\t<\/div>\n<\/div>\t\t<\/div>\n\n\t\t\n\n\t\t<\/div>[vc_empty_space][vc_column_text]<span style=\"color: #ffffff;\">Day trips in Trabzon<\/span>[\/vc_column_text][\/vc_column][\/vc_row][vc_row][vc_column][vc_column_text]<\/p>\n<h4 style=\"text-align: center;\"><span style=\"color: #ff6600;\">from Trabzon<\/span><\/h4>\n<p style=\"text-align: center;\"><span style=\"direction: rtl;\">Trabzon is one of the most important cities to visit. Its green nature attracts tourists from all over the world. <\/span><span style=\"direction: rtl;\">In it, you can discover the wonderful scenery and monuments and enjoy breathing the fresh air in the upper Trabzon.<\/span><\/p>\n<p style=\"text-align: center;\"><span style=\"color: #ff6600;\">\u2665<\/span><\/p>\n<h4 style=\"direction: rtl; text-align: center;\"><span style=\"color: #ff6600;\">Tours in Trabzon<\/span><\/h4>\n<p style=\"direction: rtl; text-align: center;\"><span style=\"direction: rtl;\">With the increase in the percentage of Arab tourism in Turkey in general and <strong>Trabzon<\/strong> in particular, and the lack of resources that serve that category. We were unique in covering this vacancy to provide the finest possible tourism services in Trabzon that suit our customers. As we always strive for creativity and never stop developing our services. Where we offer a variety of tours and tourist trips to suit different segments of guests.<\/span><\/p>\n<p style=\"direction: rtl; text-align: center;\"><span style=\"direction: rtl;\">We also provide our customers with many complete tourism programs, which include accommodation, airline tickets, and daily trips.<\/span><\/p>\n<p>[\/vc_column_text][vc_empty_space][\/vc_column][\/vc_row]<\/p>\n<\/div>","protected":false},"excerpt":{"rendered":"<p>[vc_row][vc_column][vc_column_text] Day trips in Trabzon Trabzon is located in northeastern Turkey on the Black Sea coast. On the historic Silk Road. There are many tourist places in Trabzon. Where you find many options in front of you, through which you can spend the most beautiful times in life. It is like a magnet that, due to its beauty, attracts tourists from all over the world. Among the most important tourist places are Uzungol Lake, the Khaderanbei Plateau and Lake, and [&hellip;]<\/p>\n","protected":false},"author":197671446,"featured_media":9989,"parent":0,"menu_order":0,"comment_status":"closed","ping_status":"closed","template":"","meta":{"jetpack_post_was_ever_published":false,"_joinchat":[],"footnotes":""},"class_list":["post-57552","page","type-page","status-publish","has-post-thumbnail","hentry"],"yoast_head":"<!-- This site is optimized with the Yoast SEO plugin v27.3 - https:\/\/yoast.com\/product\/yoast-seo-wordpress\/ -->\n<title>Day trips in Trabzon - Rozana Tours<\/title>\n<meta name=\"description\" content=\"All you are looking for to have a good time is here in Trabzon day trips. Come with us on these trips and enjoy the beauty of Trabzon\u2019s scenic nature and heritage.\" \/>\n<meta name=\"robots\" content=\"index, follow, max-snippet:-1, max-image-preview:large, max-video-preview:-1\" \/>\n<link rel=\"canonical\" href=\"https:\/\/rozanatours.com.tr\/tr\/trabzon-day-trips\/\" \/>\n<meta property=\"og:locale\" content=\"tr_TR\" \/>\n<meta property=\"og:type\" content=\"article\" \/>\n<meta property=\"og:title\" content=\"Day trips in Trabzon - Rozana Tours\" \/>\n<meta property=\"og:description\" content=\"All you are looking for to have a good time is here in Trabzon day trips. Come with us on these trips and enjoy the beauty of Trabzon\u2019s scenic nature and heritage.\" \/>\n<meta property=\"og:url\" content=\"https:\/\/rozanatours.com.tr\/tr\/trabzon-day-trips\/\" \/>\n<meta property=\"og:site_name\" content=\"Rozana Tours\" \/>\n<meta property=\"article:publisher\" content=\"https:\/\/www.facebook.com\/luxurypackagetours\/\" \/>\n<meta property=\"article:modified_time\" content=\"2023-09-15T07:37:58+00:00\" \/>\n<meta property=\"og:image\" content=\"https:\/\/rozanatours.com.tr\/wp-content\/uploads\/2021\/04\/Hidirnebi-plateau-\u0647\u0636\u0628\u0629-\u062e\u0636\u0631\u0646\u0628\u064a-\u062d\u064a\u062f\u0631-\u0646\u0628\u064a-Rozana-Tours-\u0631\u062d\u0644\u0627\u062a-\u0631\u0648\u0632\u0627\u0646\u0627-\u062a\u0648\u0631\u0632-Trabzon-097.jpg\" \/>\n\t<meta property=\"og:image:width\" content=\"1920\" \/>\n\t<meta property=\"og:image:height\" content=\"1100\" \/>\n\t<meta property=\"og:image:type\" content=\"image\/jpeg\" \/>\n<meta name=\"twitter:card\" content=\"summary_large_image\" \/>\n<meta name=\"twitter:site\" content=\"@LuxuryPackageT\" \/>\n<meta name=\"twitter:label1\" content=\"Tahmini okuma s\u00fcresi\" \/>\n\t<meta name=\"twitter:data1\" content=\"2 dakika\" \/>\n<script type=\"application\/ld+json\" class=\"yoast-schema-graph\">{\"@context\":\"https:\\\/\\\/schema.org\",\"@graph\":[{\"@type\":\"WebPage\",\"@id\":\"https:\\\/\\\/rozanatours.com.tr\\\/tr\\\/trabzon-day-trips\\\/\",\"url\":\"https:\\\/\\\/rozanatours.com.tr\\\/tr\\\/trabzon-day-trips\\\/\",\"name\":\"Day trips in Trabzon - Rozana Tours\",\"isPartOf\":{\"@id\":\"https:\\\/\\\/rozanatours.com.tr\\\/tr\\\/#website\"},\"primaryImageOfPage\":{\"@id\":\"https:\\\/\\\/rozanatours.com.tr\\\/tr\\\/trabzon-day-trips\\\/#primaryimage\"},\"image\":{\"@id\":\"https:\\\/\\\/rozanatours.com.tr\\\/tr\\\/trabzon-day-trips\\\/#primaryimage\"},\"thumbnailUrl\":\"https:\\\/\\\/rozanatours.com.tr\\\/wp-content\\\/uploads\\\/2021\\\/04\\\/Hidirnebi-plateau-\u0647\u0636\u0628\u0629-\u062e\u0636\u0631\u0646\u0628\u064a-\u062d\u064a\u062f\u0631-\u0646\u0628\u064a-Rozana-Tours-\u0631\u062d\u0644\u0627\u062a-\u0631\u0648\u0632\u0627\u0646\u0627-\u062a\u0648\u0631\u0632-Trabzon-097.jpg\",\"datePublished\":\"2023-09-14T21:00:41+00:00\",\"dateModified\":\"2023-09-15T07:37:58+00:00\",\"description\":\"All you are looking for to have a good time is here in Trabzon day trips. Come with us on these trips and enjoy the beauty of Trabzon\u2019s scenic nature and heritage.\",\"breadcrumb\":{\"@id\":\"https:\\\/\\\/rozanatours.com.tr\\\/tr\\\/trabzon-day-trips\\\/#breadcrumb\"},\"inLanguage\":\"tr\",\"potentialAction\":[{\"@type\":\"ReadAction\",\"target\":[\"https:\\\/\\\/rozanatours.com.tr\\\/tr\\\/trabzon-day-trips\\\/\"]}]},{\"@type\":\"ImageObject\",\"inLanguage\":\"tr\",\"@id\":\"https:\\\/\\\/rozanatours.com.tr\\\/tr\\\/trabzon-day-trips\\\/#primaryimage\",\"url\":\"https:\\\/\\\/rozanatours.com.tr\\\/wp-content\\\/uploads\\\/2021\\\/04\\\/Hidirnebi-plateau-\u0647\u0636\u0628\u0629-\u062e\u0636\u0631\u0646\u0628\u064a-\u062d\u064a\u062f\u0631-\u0646\u0628\u064a-Rozana-Tours-\u0631\u062d\u0644\u0627\u062a-\u0631\u0648\u0632\u0627\u0646\u0627-\u062a\u0648\u0631\u0632-Trabzon-097.jpg\",\"contentUrl\":\"https:\\\/\\\/rozanatours.com.tr\\\/wp-content\\\/uploads\\\/2021\\\/04\\\/Hidirnebi-plateau-\u0647\u0636\u0628\u0629-\u062e\u0636\u0631\u0646\u0628\u064a-\u062d\u064a\u062f\u0631-\u0646\u0628\u064a-Rozana-Tours-\u0631\u062d\u0644\u0627\u062a-\u0631\u0648\u0632\u0627\u0646\u0627-\u062a\u0648\u0631\u0632-Trabzon-097.jpg\",\"width\":1920,\"height\":1100,\"caption\":\"One-week weekend in Trabzon\"},{\"@type\":\"BreadcrumbList\",\"@id\":\"https:\\\/\\\/rozanatours.com.tr\\\/tr\\\/trabzon-day-trips\\\/#breadcrumb\",\"itemListElement\":[{\"@type\":\"ListItem\",\"position\":1,\"name\":\"Home\",\"item\":\"https:\\\/\\\/rozanatours.com.tr\\\/tr\\\/\"},{\"@type\":\"ListItem\",\"position\":2,\"name\":\"Day trips in Trabzon\"}]},{\"@type\":\"WebSite\",\"@id\":\"https:\\\/\\\/rozanatours.com.tr\\\/tr\\\/#website\",\"url\":\"https:\\\/\\\/rozanatours.com.tr\\\/tr\\\/\",\"name\":\"Rozana Tours - tourism in T\u00fcrkiye\",\"description\":\"\u00c7\u00fcnk\u00fc tatilinizi \u00f6nemsiyoruz..\",\"publisher\":{\"@id\":\"https:\\\/\\\/rozanatours.com.tr\\\/tr\\\/#organization\"},\"alternateName\":\"Rozana Tours\",\"potentialAction\":[{\"@type\":\"SearchAction\",\"target\":{\"@type\":\"EntryPoint\",\"urlTemplate\":\"https:\\\/\\\/rozanatours.com.tr\\\/tr\\\/?s={search_term_string}\"},\"query-input\":{\"@type\":\"PropertyValueSpecification\",\"valueRequired\":true,\"valueName\":\"search_term_string\"}}],\"inLanguage\":\"tr\"},{\"@type\":\"Organization\",\"@id\":\"https:\\\/\\\/rozanatours.com.tr\\\/tr\\\/#organization\",\"name\":\"Rozana Tours-Turkey Travel\",\"alternateName\":\"Rozana Tours\",\"url\":\"https:\\\/\\\/rozanatours.com.tr\\\/tr\\\/\",\"logo\":{\"@type\":\"ImageObject\",\"inLanguage\":\"tr\",\"@id\":\"https:\\\/\\\/rozanatours.com.tr\\\/tr\\\/#\\\/schema\\\/logo\\\/image\\\/\",\"url\":\"https:\\\/\\\/rozanatours.com.tr\\\/wp-content\\\/uploads\\\/2022\\\/02\\\/ROZANA-TOURS-LOGO-250x150-px-white-font.png\",\"contentUrl\":\"https:\\\/\\\/rozanatours.com.tr\\\/wp-content\\\/uploads\\\/2022\\\/02\\\/ROZANA-TOURS-LOGO-250x150-px-white-font.png\",\"width\":250,\"height\":150,\"caption\":\"Rozana Tours-Turkey Travel\"},\"image\":{\"@id\":\"https:\\\/\\\/rozanatours.com.tr\\\/tr\\\/#\\\/schema\\\/logo\\\/image\\\/\"},\"sameAs\":[\"https:\\\/\\\/www.facebook.com\\\/luxurypackagetours\\\/\",\"https:\\\/\\\/x.com\\\/LuxuryPackageT\",\"https:\\\/\\\/instagram.com\\\/luxurypackagetours\\\/\",\"https:\\\/\\\/www.youtube.com\\\/channel\\\/UCi3FI8kS9YpNlYLAYbaeVDg\",\"https:\\\/\\\/www.tiktok.com\\\/@rozanatours\"]}]}<\/script>\n<!-- \/ Yoast SEO plugin. -->","yoast_head_json":{"title":"Day trips in Trabzon - Rozana Tours","description":"All you are looking for to have a good time is here in Trabzon day trips. Come with us on these trips and enjoy the beauty of Trabzon\u2019s scenic nature and heritage.","robots":{"index":"index","follow":"follow","max-snippet":"max-snippet:-1","max-image-preview":"max-image-preview:large","max-video-preview":"max-video-preview:-1"},"canonical":"https:\/\/rozanatours.com.tr\/tr\/trabzon-day-trips\/","og_locale":"tr_TR","og_type":"article","og_title":"Day trips in Trabzon - Rozana Tours","og_description":"All you are looking for to have a good time is here in Trabzon day trips. Come with us on these trips and enjoy the beauty of Trabzon\u2019s scenic nature and heritage.","og_url":"https:\/\/rozanatours.com.tr\/tr\/trabzon-day-trips\/","og_site_name":"Rozana Tours","article_publisher":"https:\/\/www.facebook.com\/luxurypackagetours\/","article_modified_time":"2023-09-15T07:37:58+00:00","og_image":[{"width":1920,"height":1100,"url":"https:\/\/rozanatours.com.tr\/wp-content\/uploads\/2021\/04\/Hidirnebi-plateau-\u0647\u0636\u0628\u0629-\u062e\u0636\u0631\u0646\u0628\u064a-\u062d\u064a\u062f\u0631-\u0646\u0628\u064a-Rozana-Tours-\u0631\u062d\u0644\u0627\u062a-\u0631\u0648\u0632\u0627\u0646\u0627-\u062a\u0648\u0631\u0632-Trabzon-097.jpg","type":"image\/jpeg"}],"twitter_card":"summary_large_image","twitter_site":"@LuxuryPackageT","twitter_misc":{"Tahmini okuma s\u00fcresi":"2 dakika"},"schema":{"@context":"https:\/\/schema.org","@graph":[{"@type":"WebPage","@id":"https:\/\/rozanatours.com.tr\/tr\/trabzon-day-trips\/","url":"https:\/\/rozanatours.com.tr\/tr\/trabzon-day-trips\/","name":"Day trips in Trabzon - Rozana Tours","isPartOf":{"@id":"https:\/\/rozanatours.com.tr\/tr\/#website"},"primaryImageOfPage":{"@id":"https:\/\/rozanatours.com.tr\/tr\/trabzon-day-trips\/#primaryimage"},"image":{"@id":"https:\/\/rozanatours.com.tr\/tr\/trabzon-day-trips\/#primaryimage"},"thumbnailUrl":"https:\/\/rozanatours.com.tr\/wp-content\/uploads\/2021\/04\/Hidirnebi-plateau-\u0647\u0636\u0628\u0629-\u062e\u0636\u0631\u0646\u0628\u064a-\u062d\u064a\u062f\u0631-\u0646\u0628\u064a-Rozana-Tours-\u0631\u062d\u0644\u0627\u062a-\u0631\u0648\u0632\u0627\u0646\u0627-\u062a\u0648\u0631\u0632-Trabzon-097.jpg","datePublished":"2023-09-14T21:00:41+00:00","dateModified":"2023-09-15T07:37:58+00:00","description":"All you are looking for to have a good time is here in Trabzon day trips. Come with us on these trips and enjoy the beauty of Trabzon\u2019s scenic nature and heritage.","breadcrumb":{"@id":"https:\/\/rozanatours.com.tr\/tr\/trabzon-day-trips\/#breadcrumb"},"inLanguage":"tr","potentialAction":[{"@type":"ReadAction","target":["https:\/\/rozanatours.com.tr\/tr\/trabzon-day-trips\/"]}]},{"@type":"ImageObject","inLanguage":"tr","@id":"https:\/\/rozanatours.com.tr\/tr\/trabzon-day-trips\/#primaryimage","url":"https:\/\/rozanatours.com.tr\/wp-content\/uploads\/2021\/04\/Hidirnebi-plateau-\u0647\u0636\u0628\u0629-\u062e\u0636\u0631\u0646\u0628\u064a-\u062d\u064a\u062f\u0631-\u0646\u0628\u064a-Rozana-Tours-\u0631\u062d\u0644\u0627\u062a-\u0631\u0648\u0632\u0627\u0646\u0627-\u062a\u0648\u0631\u0632-Trabzon-097.jpg","contentUrl":"https:\/\/rozanatours.com.tr\/wp-content\/uploads\/2021\/04\/Hidirnebi-plateau-\u0647\u0636\u0628\u0629-\u062e\u0636\u0631\u0646\u0628\u064a-\u062d\u064a\u062f\u0631-\u0646\u0628\u064a-Rozana-Tours-\u0631\u062d\u0644\u0627\u062a-\u0631\u0648\u0632\u0627\u0646\u0627-\u062a\u0648\u0631\u0632-Trabzon-097.jpg","width":1920,"height":1100,"caption":"One-week weekend in Trabzon"},{"@type":"BreadcrumbList","@id":"https:\/\/rozanatours.com.tr\/tr\/trabzon-day-trips\/#breadcrumb","itemListElement":[{"@type":"ListItem","position":1,"name":"Home","item":"https:\/\/rozanatours.com.tr\/tr\/"},{"@type":"ListItem","position":2,"name":"Day trips in Trabzon"}]},{"@type":"WebSite","@id":"https:\/\/rozanatours.com.tr\/tr\/#website","url":"https:\/\/rozanatours.com.tr\/tr\/","name":"Rozana Tours - tourism in T\u00fcrkiye","description":"\u00c7\u00fcnk\u00fc tatilinizi \u00f6nemsiyoruz..","publisher":{"@id":"https:\/\/rozanatours.com.tr\/tr\/#organization"},"alternateName":"Rozana Tours","potentialAction":[{"@type":"SearchAction","target":{"@type":"EntryPoint","urlTemplate":"https:\/\/rozanatours.com.tr\/tr\/?s={search_term_string}"},"query-input":{"@type":"PropertyValueSpecification","valueRequired":true,"valueName":"search_term_string"}}],"inLanguage":"tr"},{"@type":"Organization","@id":"https:\/\/rozanatours.com.tr\/tr\/#organization","name":"Rozana Tours-Turkey Travel","alternateName":"Rozana Tours","url":"https:\/\/rozanatours.com.tr\/tr\/","logo":{"@type":"ImageObject","inLanguage":"tr","@id":"https:\/\/rozanatours.com.tr\/tr\/#\/schema\/logo\/image\/","url":"https:\/\/rozanatours.com.tr\/wp-content\/uploads\/2022\/02\/ROZANA-TOURS-LOGO-250x150-px-white-font.png","contentUrl":"https:\/\/rozanatours.com.tr\/wp-content\/uploads\/2022\/02\/ROZANA-TOURS-LOGO-250x150-px-white-font.png","width":250,"height":150,"caption":"Rozana Tours-Turkey Travel"},"image":{"@id":"https:\/\/rozanatours.com.tr\/tr\/#\/schema\/logo\/image\/"},"sameAs":["https:\/\/www.facebook.com\/luxurypackagetours\/","https:\/\/x.com\/LuxuryPackageT","https:\/\/instagram.com\/luxurypackagetours\/","https:\/\/www.youtube.com\/channel\/UCi3FI8kS9YpNlYLAYbaeVDg","https:\/\/www.tiktok.com\/@rozanatours"]}]}},"jetpack_likes_enabled":false,"jetpack_sharing_enabled":true,"jetpack_shortlink":"https:\/\/wp.me\/PcEu5c-eYg","_links":{"self":[{"href":"https:\/\/rozanatours.com.tr\/tr\/wp-json\/wp\/v2\/pages\/57552","targetHints":{"allow":["GET"]}}],"collection":[{"href":"https:\/\/rozanatours.com.tr\/tr\/wp-json\/wp\/v2\/pages"}],"about":[{"href":"https:\/\/rozanatours.com.tr\/tr\/wp-json\/wp\/v2\/types\/page"}],"author":[{"embeddable":true,"href":"https:\/\/rozanatours.com.tr\/tr\/wp-json\/wp\/v2\/users\/197671446"}],"replies":[{"embeddable":true,"href":"https:\/\/rozanatours.com.tr\/tr\/wp-json\/wp\/v2\/comments?post=57552"}],"version-history":[{"count":10,"href":"https:\/\/rozanatours.com.tr\/tr\/wp-json\/wp\/v2\/pages\/57552\/revisions"}],"predecessor-version":[{"id":66242,"href":"https:\/\/rozanatours.com.tr\/tr\/wp-json\/wp\/v2\/pages\/57552\/revisions\/66242"}],"wp:featuredmedia":[{"embeddable":true,"href":"https:\/\/rozanatours.com.tr\/tr\/wp-json\/wp\/v2\/media\/9989"}],"wp:attachment":[{"href":"https:\/\/rozanatours.com.tr\/tr\/wp-json\/wp\/v2\/media?parent=57552"}],"curies":[{"name":"wp","href":"https:\/\/api.w.org\/{rel}","templated":true}]}}